{"id":1774,"date":"2022-12-08T13:20:24","date_gmt":"2022-12-08T13:20:24","guid":{"rendered":"https:\/\/dogwearstore.hu\/?post_type=product&#038;p=1774"},"modified":"2022-12-14T08:57:32","modified_gmt":"2022-12-14T08:57:32","slug":"polo-szippantas","status":"publish","type":"product","link":"https:\/\/divi.dogwearstore.hu\/index.php\/termek\/polo-szippantas\/","title":{"rendered":"P\u00f3l\u00f3 SZIPPANT\u00c1S"},"content":{"rendered":"","protected":false},"excerpt":{"rendered":"<p><span data-sheets-value=\"{&quot;1&quot;:2,&quot;2&quot;:&quot;UTOLS\u00d3 DARABOK! CSAPJ LE R\u00c1 MIEL\u0150TT ELFOGY!!\\n\u2022 Anyag: 100% pamut &quot;}\" data-sheets-userformat=\"{&quot;2&quot;:513,&quot;3&quot;:{&quot;1&quot;:0},&quot;12&quot;:0}\"><strong>UTOLS\u00d3 DARABOK! CSAPJ LE R\u00c1 MIEL\u0150TT ELFOGY!!<\/strong><\/span><\/p>\n<p>\u2022 Anyag: 100% pamut<\/p>\n","protected":false},"featured_media":1798,"template":"","meta":[],"product_cat":[15,68],"product_tag":[],"class_list":["post-1774","product","type-product","status-publish","has-post-thumbnail","hentry","product_cat-egyeb","product_cat-akcio"],"_links":{"self":[{"href":"https:\/\/divi.dogwearstore.hu\/index.php\/wp-json\/wp\/v2\/product\/1774","targetHints":{"allow":["GET"]}}],"collection":[{"href":"https:\/\/divi.dogwearstore.hu\/index.php\/wp-json\/wp\/v2\/product"}],"about":[{"href":"https:\/\/divi.dogwearstore.hu\/index.php\/wp-json\/wp\/v2\/types\/product"}],"version-history":[{"count":4,"href":"https:\/\/divi.dogwearstore.hu\/index.php\/wp-json\/wp\/v2\/product\/1774\/revisions"}],"predecessor-version":[{"id":1888,"href":"https:\/\/divi.dogwearstore.hu\/index.php\/wp-json\/wp\/v2\/product\/1774\/revisions\/1888"}],"wp:featuredmedia":[{"embeddable":true,"href":"https:\/\/divi.dogwearstore.hu\/index.php\/wp-json\/wp\/v2\/media\/1798"}],"wp:attachment":[{"href":"https:\/\/divi.dogwearstore.hu\/index.php\/wp-json\/wp\/v2\/media?parent=1774"}],"wp:term":[{"taxonomy":"product_cat","embeddable":true,"href":"https:\/\/divi.dogwearstore.hu\/index.php\/wp-json\/wp\/v2\/product_cat?post=1774"},{"taxonomy":"product_tag","embeddable":true,"href":"https:\/\/divi.dogwearstore.hu\/index.php\/wp-json\/wp\/v2\/product_tag?post=1774"}],"curies":[{"name":"wp","href":"https:\/\/api.w.org\/{rel}","templated":true}]}}