{"id":1756,"date":"2022-12-08T13:14:18","date_gmt":"2022-12-08T13:14:18","guid":{"rendered":"https:\/\/dogwearstore.hu\/?post_type=product&#038;p=1756"},"modified":"2023-01-04T16:52:31","modified_gmt":"2023-01-04T16:52:31","slug":"jegre-teszlek-hoodie","status":"publish","type":"product","link":"https:\/\/divi.dogwearstore.hu\/index.php\/termek\/jegre-teszlek-hoodie\/","title":{"rendered":"J\u00c9GRE TESZLEK hoodie"},"content":{"rendered":"","protected":false},"excerpt":{"rendered":"<p><span data-sheets-value=\"{&quot;1&quot;:2,&quot;2&quot;:&quot;UTOLS\u00d3 DARABOK! CSAPJ LE R\u00c1 MIEL\u0150TT ELFOGY!!\\n\\n\u2022 Anyag: 80% organikus pamut, 20% \u00fajrahasznos\u00edtott poli\u00e9szter&quot;}\" data-sheets-userformat=\"{&quot;2&quot;:6721,&quot;3&quot;:{&quot;1&quot;:0},&quot;9&quot;:0,&quot;12&quot;:0,&quot;14&quot;:{&quot;1&quot;:2,&quot;2&quot;:0},&quot;15&quot;:&quot;Arial&quot;}\"><strong>UTOLS\u00d3 DARABOK! CSAPJ LE R\u00c1 MIEL\u0150TT ELFOGY!!<\/strong><\/p>\n<p>\u2022 Anyag: 80% organikus pamut, 20% \u00fajrahasznos\u00edtott poli\u00e9szter<\/span><\/p>\n","protected":false},"featured_media":1799,"template":"","meta":[],"product_cat":[15,68],"product_tag":[],"class_list":["post-1756","product","type-product","status-publish","has-post-thumbnail","hentry","product_cat-egyeb","product_cat-akcio"],"_links":{"self":[{"href":"https:\/\/divi.dogwearstore.hu\/index.php\/wp-json\/wp\/v2\/product\/1756","targetHints":{"allow":["GET"]}}],"collection":[{"href":"https:\/\/divi.dogwearstore.hu\/index.php\/wp-json\/wp\/v2\/product"}],"about":[{"href":"https:\/\/divi.dogwearstore.hu\/index.php\/wp-json\/wp\/v2\/types\/product"}],"version-history":[{"count":2,"href":"https:\/\/divi.dogwearstore.hu\/index.php\/wp-json\/wp\/v2\/product\/1756\/revisions"}],"predecessor-version":[{"id":1829,"href":"https:\/\/divi.dogwearstore.hu\/index.php\/wp-json\/wp\/v2\/product\/1756\/revisions\/1829"}],"wp:featuredmedia":[{"embeddable":true,"href":"https:\/\/divi.dogwearstore.hu\/index.php\/wp-json\/wp\/v2\/media\/1799"}],"wp:attachment":[{"href":"https:\/\/divi.dogwearstore.hu\/index.php\/wp-json\/wp\/v2\/media?parent=1756"}],"wp:term":[{"taxonomy":"product_cat","embeddable":true,"href":"https:\/\/divi.dogwearstore.hu\/index.php\/wp-json\/wp\/v2\/product_cat?post=1756"},{"taxonomy":"product_tag","embeddable":true,"href":"https:\/\/divi.dogwearstore.hu\/index.php\/wp-json\/wp\/v2\/product_tag?post=1756"}],"curies":[{"name":"wp","href":"https:\/\/api.w.org\/{rel}","templated":true}]}}