{"id":1740,"date":"2022-12-08T12:59:04","date_gmt":"2022-12-08T12:59:04","guid":{"rendered":"https:\/\/dogwearstore.hu\/?post_type=product&#038;p=1740"},"modified":"2022-12-22T11:06:50","modified_gmt":"2022-12-22T11:06:50","slug":"hardcore-lifestyle-beanie","status":"publish","type":"product","link":"https:\/\/divi.dogwearstore.hu\/index.php\/termek\/hardcore-lifestyle-beanie\/","title":{"rendered":"Hardcore lifestyle beanie"},"content":{"rendered":"","protected":false},"excerpt":{"rendered":"<p><span data-sheets-value=\"{&quot;1&quot;:2,&quot;2&quot;:&quot;UTOLS\u00d3 DARABOK! CSAPJ LE R\u00c1 MIEL\u0150TT ELFOGY!!\\n\u2022 Anyag: 100% akril&quot;}\" data-sheets-userformat=\"{&quot;2&quot;:513,&quot;3&quot;:{&quot;1&quot;:0},&quot;12&quot;:0}\"><strong>UTOLS\u00d3 DARABOK! CSAPJ LE R\u00c1 MIEL\u0150TT ELFOGY!!<\/strong><\/span><\/p>\n<p>\u2022 Anyag: 100% akril<\/p>\n","protected":false},"featured_media":1801,"template":"","meta":[],"product_cat":[15,68],"product_tag":[],"class_list":["post-1740","product","type-product","status-publish","has-post-thumbnail","hentry","product_cat-egyeb","product_cat-akcio"],"_links":{"self":[{"href":"https:\/\/divi.dogwearstore.hu\/index.php\/wp-json\/wp\/v2\/product\/1740","targetHints":{"allow":["GET"]}}],"collection":[{"href":"https:\/\/divi.dogwearstore.hu\/index.php\/wp-json\/wp\/v2\/product"}],"about":[{"href":"https:\/\/divi.dogwearstore.hu\/index.php\/wp-json\/wp\/v2\/types\/product"}],"version-history":[{"count":3,"href":"https:\/\/divi.dogwearstore.hu\/index.php\/wp-json\/wp\/v2\/product\/1740\/revisions"}],"predecessor-version":[{"id":1884,"href":"https:\/\/divi.dogwearstore.hu\/index.php\/wp-json\/wp\/v2\/product\/1740\/revisions\/1884"}],"wp:featuredmedia":[{"embeddable":true,"href":"https:\/\/divi.dogwearstore.hu\/index.php\/wp-json\/wp\/v2\/media\/1801"}],"wp:attachment":[{"href":"https:\/\/divi.dogwearstore.hu\/index.php\/wp-json\/wp\/v2\/media?parent=1740"}],"wp:term":[{"taxonomy":"product_cat","embeddable":true,"href":"https:\/\/divi.dogwearstore.hu\/index.php\/wp-json\/wp\/v2\/product_cat?post=1740"},{"taxonomy":"product_tag","embeddable":true,"href":"https:\/\/divi.dogwearstore.hu\/index.php\/wp-json\/wp\/v2\/product_tag?post=1740"}],"curies":[{"name":"wp","href":"https:\/\/api.w.org\/{rel}","templated":true}]}}