{"id":1703,"date":"2022-12-08T11:00:39","date_gmt":"2022-12-08T11:00:39","guid":{"rendered":"https:\/\/dogwearstore.hu\/?post_type=product&#038;p=1703"},"modified":"2023-01-09T12:47:22","modified_gmt":"2023-01-09T12:47:22","slug":"gyogyszer-huzozsinoros-hatizsak","status":"publish","type":"product","link":"https:\/\/divi.dogwearstore.hu\/index.php\/termek\/gyogyszer-huzozsinoros-hatizsak\/","title":{"rendered":"Gy\u00f3gyszer h\u00faz\u00f3zsin\u00f3ros h\u00e1tizs\u00e1k"},"content":{"rendered":"","protected":false},"excerpt":{"rendered":"","protected":false},"featured_media":1937,"template":"","meta":[],"product_cat":[15,50,40,67],"product_tag":[],"class_list":["post-1703","product","type-product","status-publish","has-post-thumbnail","hentry","product_cat-egyeb","product_cat-hatizsak","product_cat-kiegeszitok","product_cat-osszes-termek"],"_links":{"self":[{"href":"https:\/\/divi.dogwearstore.hu\/index.php\/wp-json\/wp\/v2\/product\/1703","targetHints":{"allow":["GET"]}}],"collection":[{"href":"https:\/\/divi.dogwearstore.hu\/index.php\/wp-json\/wp\/v2\/product"}],"about":[{"href":"https:\/\/divi.dogwearstore.hu\/index.php\/wp-json\/wp\/v2\/types\/product"}],"version-history":[{"count":2,"href":"https:\/\/divi.dogwearstore.hu\/index.php\/wp-json\/wp\/v2\/product\/1703\/revisions"}],"predecessor-version":[{"id":1705,"href":"https:\/\/divi.dogwearstore.hu\/index.php\/wp-json\/wp\/v2\/product\/1703\/revisions\/1705"}],"wp:featuredmedia":[{"embeddable":true,"href":"https:\/\/divi.dogwearstore.hu\/index.php\/wp-json\/wp\/v2\/media\/1937"}],"wp:attachment":[{"href":"https:\/\/divi.dogwearstore.hu\/index.php\/wp-json\/wp\/v2\/media?parent=1703"}],"wp:term":[{"taxonomy":"product_cat","embeddable":true,"href":"https:\/\/divi.dogwearstore.hu\/index.php\/wp-json\/wp\/v2\/product_cat?post=1703"},{"taxonomy":"product_tag","embeddable":true,"href":"https:\/\/divi.dogwearstore.hu\/index.php\/wp-json\/wp\/v2\/product_tag?post=1703"}],"curies":[{"name":"wp","href":"https:\/\/api.w.org\/{rel}","templated":true}]}}