{"id":1701,"date":"2022-12-08T11:00:07","date_gmt":"2022-12-08T11:00:07","guid":{"rendered":"https:\/\/dogwearstore.hu\/?post_type=product&#038;p=1701"},"modified":"2023-01-06T08:30:31","modified_gmt":"2023-01-06T08:30:31","slug":"semmi-nem-ved-meg-huzozsinoros-hatizsak","status":"publish","type":"product","link":"https:\/\/divi.dogwearstore.hu\/index.php\/termek\/semmi-nem-ved-meg-huzozsinoros-hatizsak\/","title":{"rendered":"Semmi nem v\u00e9d meg h\u00faz\u00f3zsin\u00f3ros h\u00e1tizs\u00e1k"},"content":{"rendered":"","protected":false},"excerpt":{"rendered":"","protected":false},"featured_media":1936,"template":"","meta":[],"product_cat":[15,50,40,67],"product_tag":[],"class_list":["post-1701","product","type-product","status-publish","has-post-thumbnail","hentry","product_cat-egyeb","product_cat-hatizsak","product_cat-kiegeszitok","product_cat-osszes-termek"],"_links":{"self":[{"href":"https:\/\/divi.dogwearstore.hu\/index.php\/wp-json\/wp\/v2\/product\/1701","targetHints":{"allow":["GET"]}}],"collection":[{"href":"https:\/\/divi.dogwearstore.hu\/index.php\/wp-json\/wp\/v2\/product"}],"about":[{"href":"https:\/\/divi.dogwearstore.hu\/index.php\/wp-json\/wp\/v2\/types\/product"}],"version-history":[{"count":1,"href":"https:\/\/divi.dogwearstore.hu\/index.php\/wp-json\/wp\/v2\/product\/1701\/revisions"}],"predecessor-version":[{"id":1702,"href":"https:\/\/divi.dogwearstore.hu\/index.php\/wp-json\/wp\/v2\/product\/1701\/revisions\/1702"}],"wp:featuredmedia":[{"embeddable":true,"href":"https:\/\/divi.dogwearstore.hu\/index.php\/wp-json\/wp\/v2\/media\/1936"}],"wp:attachment":[{"href":"https:\/\/divi.dogwearstore.hu\/index.php\/wp-json\/wp\/v2\/media?parent=1701"}],"wp:term":[{"taxonomy":"product_cat","embeddable":true,"href":"https:\/\/divi.dogwearstore.hu\/index.php\/wp-json\/wp\/v2\/product_cat?post=1701"},{"taxonomy":"product_tag","embeddable":true,"href":"https:\/\/divi.dogwearstore.hu\/index.php\/wp-json\/wp\/v2\/product_tag?post=1701"}],"curies":[{"name":"wp","href":"https:\/\/api.w.org\/{rel}","templated":true}]}}