{"id":1473,"date":"2022-12-03T16:27:22","date_gmt":"2022-12-03T16:27:22","guid":{"rendered":"https:\/\/dogwearstore.hu\/?post_type=product&#038;p=1473"},"modified":"2023-01-06T08:30:30","modified_gmt":"2023-01-06T08:30:30","slug":"boomer-teli-sapka-oliva","status":"publish","type":"product","link":"https:\/\/divi.dogwearstore.hu\/index.php\/termek\/boomer-teli-sapka-oliva\/","title":{"rendered":"Boomer t\u00e9li sapka"},"content":{"rendered":"","protected":false},"excerpt":{"rendered":"<p><strong>\u00d6lt\u00f6zz a D\u00d6GL\u00c9GY \u00e1ltal tervezett legmen\u0151bb cuccokba!<\/strong><br \/>\nAz ikonikuss\u00e1 v\u00e1lt D\u00d6GWEAR m\u00e1rka darabjai h\u0171en t\u00fckr\u00f6zik a Hardcore Lifestyle \u00e9let\u00e9rz\u00e9st. Szerezd be az \u00faj kollekci\u00f3 legjobban hozz\u00e1d ill\u0151 term\u00e9keit \u00e9s l\u00e9gy a kem\u00e9nymag r\u00e9sze!<\/p>\n<p>\u2022 Anyag: 100% akril<\/p>\n","protected":false},"featured_media":1040,"template":"","meta":[],"product_cat":[15,67,19,46],"product_tag":[],"class_list":["post-1473","product","type-product","status-publish","has-post-thumbnail","hentry","product_cat-egyeb","product_cat-osszes-termek","product_cat-sapkak","product_cat-teli-sapka"],"_links":{"self":[{"href":"https:\/\/divi.dogwearstore.hu\/index.php\/wp-json\/wp\/v2\/product\/1473","targetHints":{"allow":["GET"]}}],"collection":[{"href":"https:\/\/divi.dogwearstore.hu\/index.php\/wp-json\/wp\/v2\/product"}],"about":[{"href":"https:\/\/divi.dogwearstore.hu\/index.php\/wp-json\/wp\/v2\/types\/product"}],"version-history":[{"count":3,"href":"https:\/\/divi.dogwearstore.hu\/index.php\/wp-json\/wp\/v2\/product\/1473\/revisions"}],"predecessor-version":[{"id":1476,"href":"https:\/\/divi.dogwearstore.hu\/index.php\/wp-json\/wp\/v2\/product\/1473\/revisions\/1476"}],"wp:featuredmedia":[{"embeddable":true,"href":"https:\/\/divi.dogwearstore.hu\/index.php\/wp-json\/wp\/v2\/media\/1040"}],"wp:attachment":[{"href":"https:\/\/divi.dogwearstore.hu\/index.php\/wp-json\/wp\/v2\/media?parent=1473"}],"wp:term":[{"taxonomy":"product_cat","embeddable":true,"href":"https:\/\/divi.dogwearstore.hu\/index.php\/wp-json\/wp\/v2\/product_cat?post=1473"},{"taxonomy":"product_tag","embeddable":true,"href":"https:\/\/divi.dogwearstore.hu\/index.php\/wp-json\/wp\/v2\/product_tag?post=1473"}],"curies":[{"name":"wp","href":"https:\/\/api.w.org\/{rel}","templated":true}]}}