{"id":1417,"date":"2022-12-02T22:39:09","date_gmt":"2022-12-02T22:39:09","guid":{"rendered":"https:\/\/dogwearstore.hu\/?post_type=product&#038;p=1417"},"modified":"2023-01-14T10:29:47","modified_gmt":"2023-01-14T10:29:47","slug":"mocskos-del-trucker-trikolor","status":"publish","type":"product","link":"https:\/\/divi.dogwearstore.hu\/index.php\/termek\/mocskos-del-trucker-trikolor\/","title":{"rendered":"Mocskos d\u00e9l trucker"},"content":{"rendered":"","protected":false},"excerpt":{"rendered":"<p><strong>\u00d6lt\u00f6zz a D\u00d6GL\u00c9GY \u00e1ltal tervezett legmen\u0151bb cuccokba!<\/strong><br \/>\nAz ikonikuss\u00e1 v\u00e1lt D\u00d6GWEAR m\u00e1rka darabjai h\u0171en t\u00fckr\u00f6zik a Hardcore Lifestyle \u00e9let\u00e9rz\u00e9st. Szerezd be az \u00faj kollekci\u00f3 legjobban hozz\u00e1d ill\u0151 term\u00e9keit \u00e9s l\u00e9gy a kem\u00e9nymag r\u00e9sze!<\/p>\n<p>\u2022 Anyag: 100% poli\u00e9szter<\/p>\n","protected":false},"featured_media":1006,"template":"","meta":[],"product_cat":[15,67,19,45],"product_tag":[],"class_list":["post-1417","product","type-product","status-publish","has-post-thumbnail","hentry","product_cat-egyeb","product_cat-osszes-termek","product_cat-sapkak","product_cat-trucker"],"_links":{"self":[{"href":"https:\/\/divi.dogwearstore.hu\/index.php\/wp-json\/wp\/v2\/product\/1417","targetHints":{"allow":["GET"]}}],"collection":[{"href":"https:\/\/divi.dogwearstore.hu\/index.php\/wp-json\/wp\/v2\/product"}],"about":[{"href":"https:\/\/divi.dogwearstore.hu\/index.php\/wp-json\/wp\/v2\/types\/product"}],"version-history":[{"count":4,"href":"https:\/\/divi.dogwearstore.hu\/index.php\/wp-json\/wp\/v2\/product\/1417\/revisions"}],"predecessor-version":[{"id":1421,"href":"https:\/\/divi.dogwearstore.hu\/index.php\/wp-json\/wp\/v2\/product\/1417\/revisions\/1421"}],"wp:featuredmedia":[{"embeddable":true,"href":"https:\/\/divi.dogwearstore.hu\/index.php\/wp-json\/wp\/v2\/media\/1006"}],"wp:attachment":[{"href":"https:\/\/divi.dogwearstore.hu\/index.php\/wp-json\/wp\/v2\/media?parent=1417"}],"wp:term":[{"taxonomy":"product_cat","embeddable":true,"href":"https:\/\/divi.dogwearstore.hu\/index.php\/wp-json\/wp\/v2\/product_cat?post=1417"},{"taxonomy":"product_tag","embeddable":true,"href":"https:\/\/divi.dogwearstore.hu\/index.php\/wp-json\/wp\/v2\/product_tag?post=1417"}],"curies":[{"name":"wp","href":"https:\/\/api.w.org\/{rel}","templated":true}]}}