{"id":1361,"date":"2022-12-02T21:48:58","date_gmt":"2022-12-02T21:48:58","guid":{"rendered":"https:\/\/dogwearstore.hu\/?post_type=product&#038;p=1361"},"modified":"2022-12-30T17:59:06","modified_gmt":"2022-12-30T17:59:06","slug":"boomer-3-4-ujju-polo","status":"publish","type":"product","link":"https:\/\/divi.dogwearstore.hu\/index.php\/termek\/boomer-3-4-ujju-polo\/","title":{"rendered":"Boomer 3\/4 ujj\u00fa p\u00f3l\u00f3"},"content":{"rendered":"","protected":false},"excerpt":{"rendered":"<p><strong>\u00d6lt\u00f6zz a D\u00d6GL\u00c9GY \u00e1ltal tervezett legmen\u0151bb cuccokba!<\/strong><br \/>\nAz ikonikuss\u00e1 v\u00e1lt D\u00d6GWEAR m\u00e1rka darabjai h\u0171en t\u00fckr\u00f6zik a Hardcore Lifestyle \u00e9let\u00e9rz\u00e9st. Szerezd be az \u00faj kollekci\u00f3 legjobban hozz\u00e1d ill\u0151 term\u00e9keit \u00e9s l\u00e9gy a kem\u00e9nymag r\u00e9sze!<\/p>\n<p>\u2022 Anyag: 50% pamut, 50% poli\u00e9szter<\/p>\n<p><strong>M\u00e9rett\u00e1bl\u00e1zat<\/strong><\/p>\n","protected":false},"featured_media":1087,"template":"","meta":[],"product_cat":[51,67,17],"product_tag":[],"class_list":["post-1361","product","type-product","status-publish","has-post-thumbnail","hentry","product_cat-3-4-ujju-polo","product_cat-osszes-termek","product_cat-polok"],"_links":{"self":[{"href":"https:\/\/divi.dogwearstore.hu\/index.php\/wp-json\/wp\/v2\/product\/1361","targetHints":{"allow":["GET"]}}],"collection":[{"href":"https:\/\/divi.dogwearstore.hu\/index.php\/wp-json\/wp\/v2\/product"}],"about":[{"href":"https:\/\/divi.dogwearstore.hu\/index.php\/wp-json\/wp\/v2\/types\/product"}],"version-history":[{"count":4,"href":"https:\/\/divi.dogwearstore.hu\/index.php\/wp-json\/wp\/v2\/product\/1361\/revisions"}],"predecessor-version":[{"id":1866,"href":"https:\/\/divi.dogwearstore.hu\/index.php\/wp-json\/wp\/v2\/product\/1361\/revisions\/1866"}],"wp:featuredmedia":[{"embeddable":true,"href":"https:\/\/divi.dogwearstore.hu\/index.php\/wp-json\/wp\/v2\/media\/1087"}],"wp:attachment":[{"href":"https:\/\/divi.dogwearstore.hu\/index.php\/wp-json\/wp\/v2\/media?parent=1361"}],"wp:term":[{"taxonomy":"product_cat","embeddable":true,"href":"https:\/\/divi.dogwearstore.hu\/index.php\/wp-json\/wp\/v2\/product_cat?post=1361"},{"taxonomy":"product_tag","embeddable":true,"href":"https:\/\/divi.dogwearstore.hu\/index.php\/wp-json\/wp\/v2\/product_tag?post=1361"}],"curies":[{"name":"wp","href":"https:\/\/api.w.org\/{rel}","templated":true}]}}