{"id":1274,"date":"2022-12-02T20:53:01","date_gmt":"2022-12-02T20:53:01","guid":{"rendered":"https:\/\/dogwearstore.hu\/?post_type=product&#038;p=1274"},"modified":"2023-01-09T19:24:12","modified_gmt":"2023-01-09T19:24:12","slug":"semmi-nem-ved-meg-polo","status":"publish","type":"product","link":"https:\/\/divi.dogwearstore.hu\/index.php\/termek\/semmi-nem-ved-meg-polo\/","title":{"rendered":"Semmi nem v\u00e9d meg p\u00f3l\u00f3"},"content":{"rendered":"","protected":false},"excerpt":{"rendered":"<p><span data-sheets-value=\"{&quot;1&quot;:2,&quot;2&quot;:&quot;\u00d6lt\u00f6zz a D\u00d6GL\u00c9GY \u00e1ltal tervezett legmen\u0151bb cuccokba!\\nAz ikonikuss\u00e1 v\u00e1lt D\u00d6GWEAR m\u00e1rka darabjai h\u0171en t\u00fckr\u00f6zik a Hardcore Lifestyle \u00e9let\u00e9rz\u00e9st. Szerezd be az \u00faj kollekci\u00f3 legjobban hozz\u00e1d ill\u0151 term\u00e9keit \u00e9s l\u00e9gy a kem\u00e9nymag r\u00e9sze! \\n\\n\u2022 Anyag: 100% pamut \\n&quot;}\" data-sheets-userformat=\"{&quot;2&quot;:515,&quot;3&quot;:{&quot;1&quot;:0},&quot;4&quot;:{&quot;1&quot;:2,&quot;2&quot;:16776960},&quot;12&quot;:0}\" data-sheets-textstyleruns=\"{&quot;1&quot;:0,&quot;2&quot;:{&quot;5&quot;:1}}\uee10{&quot;1&quot;:53}\"><strong>\u00d6lt\u00f6zz a D\u00d6GL\u00c9GY \u00e1ltal tervezett legmen\u0151bb cuccokba!<\/strong><br \/>\nAz ikonikuss\u00e1 v\u00e1lt D\u00d6GWEAR m\u00e1rka darabjai h\u0171en t\u00fckr\u00f6zik a Hardcore Lifestyle \u00e9let\u00e9rz\u00e9st. Szerezd be az \u00faj kollekci\u00f3 legjobban hozz\u00e1d ill\u0151 term\u00e9keit \u00e9s l\u00e9gy a kem\u00e9nymag r\u00e9sze!<\/span><\/p>\n<p>\u2022 Anyag: 100% pamut<\/p>\n<p><a href=\"https:\/\/divi.dogwearstore.hu\/index.php\/1602-2\/\" target=\"_blank\" rel=\"noopener\"><strong>M\u00e9rett\u00e1bl\u00e1zat<\/strong><\/a><\/p>\n","protected":false},"featured_media":1282,"template":"","meta":[],"product_cat":[17,67,42],"product_tag":[],"class_list":["post-1274","product","type-product","status-publish","has-post-thumbnail","hentry","product_cat-polok","product_cat-osszes-termek","product_cat-rovid-ujju-polok"],"_links":{"self":[{"href":"https:\/\/divi.dogwearstore.hu\/index.php\/wp-json\/wp\/v2\/product\/1274","targetHints":{"allow":["GET"]}}],"collection":[{"href":"https:\/\/divi.dogwearstore.hu\/index.php\/wp-json\/wp\/v2\/product"}],"about":[{"href":"https:\/\/divi.dogwearstore.hu\/index.php\/wp-json\/wp\/v2\/types\/product"}],"version-history":[{"count":3,"href":"https:\/\/divi.dogwearstore.hu\/index.php\/wp-json\/wp\/v2\/product\/1274\/revisions"}],"predecessor-version":[{"id":1622,"href":"https:\/\/divi.dogwearstore.hu\/index.php\/wp-json\/wp\/v2\/product\/1274\/revisions\/1622"}],"wp:featuredmedia":[{"embeddable":true,"href":"https:\/\/divi.dogwearstore.hu\/index.php\/wp-json\/wp\/v2\/media\/1282"}],"wp:attachment":[{"href":"https:\/\/divi.dogwearstore.hu\/index.php\/wp-json\/wp\/v2\/media?parent=1274"}],"wp:term":[{"taxonomy":"product_cat","embeddable":true,"href":"https:\/\/divi.dogwearstore.hu\/index.php\/wp-json\/wp\/v2\/product_cat?post=1274"},{"taxonomy":"product_tag","embeddable":true,"href":"https:\/\/divi.dogwearstore.hu\/index.php\/wp-json\/wp\/v2\/product_tag?post=1274"}],"curies":[{"name":"wp","href":"https:\/\/api.w.org\/{rel}","templated":true}]}}