{"id":1602,"date":"2022-12-04T18:47:48","date_gmt":"2022-12-04T18:47:48","guid":{"rendered":"https:\/\/dogwearstore.hu\/?page_id=1602"},"modified":"2022-12-08T16:51:33","modified_gmt":"2022-12-08T16:51:33","slug":"1602-2","status":"publish","type":"page","link":"https:\/\/divi.dogwearstore.hu\/index.php\/1602-2\/","title":{"rendered":"P\u00f3l\u00f3 m\u00e9retek"},"content":{"rendered":"\n<figure class=\"wp-block-image size-full\"><img loading=\"lazy\" decoding=\"async\" width=\"1024\" height=\"482\" src=\"https:\/\/divi.dogwearstore.hu\/wp-content\/uploads\/2022\/12\/dogwear_polo_sizechart01.jpg\" alt=\"\" class=\"wp-image-1186\" srcset=\"https:\/\/divi.dogwearstore.hu\/wp-content\/uploads\/2022\/12\/dogwear_polo_sizechart01.jpg 1024w, https:\/\/divi.dogwearstore.hu\/wp-content\/uploads\/2022\/12\/dogwear_polo_sizechart01-500x235.jpg 500w, https:\/\/divi.dogwearstore.hu\/wp-content\/uploads\/2022\/12\/dogwear_polo_sizechart01-800x377.jpg 800w, https:\/\/divi.dogwearstore.hu\/wp-content\/uploads\/2022\/12\/dogwear_polo_sizechart01-300x141.jpg 300w, https:\/\/divi.dogwearstore.hu\/wp-content\/uploads\/2022\/12\/dogwear_polo_sizechart01-768x362.jpg 768w\" sizes=\"auto, (max-width: 1024px) 100vw, 1024px\" \/><\/figure>\n","protected":false},"excerpt":{"rendered":"","protected":false},"author":4,"featured_media":0,"parent":0,"menu_order":0,"comment_status":"closed","ping_status":"closed","template":"","meta":{"footnotes":""},"class_list":["post-1602","page","type-page","status-publish","hentry"],"_links":{"self":[{"href":"https:\/\/divi.dogwearstore.hu\/index.php\/wp-json\/wp\/v2\/pages\/1602","targetHints":{"allow":["GET"]}}],"collection":[{"href":"https:\/\/divi.dogwearstore.hu\/index.php\/wp-json\/wp\/v2\/pages"}],"about":[{"href":"https:\/\/divi.dogwearstore.hu\/index.php\/wp-json\/wp\/v2\/types\/page"}],"author":[{"embeddable":true,"href":"https:\/\/divi.dogwearstore.hu\/index.php\/wp-json\/wp\/v2\/users\/4"}],"replies":[{"embeddable":true,"href":"https:\/\/divi.dogwearstore.hu\/index.php\/wp-json\/wp\/v2\/comments?post=1602"}],"version-history":[{"count":5,"href":"https:\/\/divi.dogwearstore.hu\/index.php\/wp-json\/wp\/v2\/pages\/1602\/revisions"}],"predecessor-version":[{"id":1784,"href":"https:\/\/divi.dogwearstore.hu\/index.php\/wp-json\/wp\/v2\/pages\/1602\/revisions\/1784"}],"wp:attachment":[{"href":"https:\/\/divi.dogwearstore.hu\/index.php\/wp-json\/wp\/v2\/media?parent=1602"}],"curies":[{"name":"wp","href":"https:\/\/api.w.org\/{rel}","templated":true}]}}